{"id":68,"date":"2025-07-16T10:15:46","date_gmt":"2025-07-16T08:15:46","guid":{"rendered":"https:\/\/dev.paulettepaulette.com\/baptistesalliou\/?page_id=68"},"modified":"2025-09-18T15:34:35","modified_gmt":"2025-09-18T13:34:35","slug":"a-propos","status":"publish","type":"page","link":"https:\/\/dev.paulettepaulette.com\/baptistesalliou\/a-propos\/","title":{"rendered":"\u00c0 propos"},"content":{"rendered":"\t\t<div data-elementor-type=\"wp-page\" data-elementor-id=\"68\" class=\"elementor elementor-68\" data-elementor-post-type=\"page\">\n\t\t\t\t<div class=\"elementor-element elementor-element-84b564b e-con-full e-flex e-con e-parent\" data-id=\"84b564b\" data-element_type=\"container\">\n\t\t<div class=\"elementor-element elementor-element-d18e411 e-con-full e-flex e-con e-child\" data-id=\"d18e411\" data-element_type=\"container\" data-settings=\"{&quot;background_background&quot;:&quot;classic&quot;}\">\n\t\t\t\t<\/div>\n\t\t<div class=\"elementor-element elementor-element-08e0e8b e-con-full e-flex e-con e-child\" data-id=\"08e0e8b\" data-element_type=\"container\">\n\t\t\t\t<div class=\"elementor-element elementor-element-1b31b98 elementor-widget elementor-widget-heading\" data-id=\"1b31b98\" data-element_type=\"widget\" data-widget_type=\"heading.default\">\n\t\t\t\t\t<h1 class=\"elementor-heading-title elementor-size-default\">Baptiste Salliou<\/h1>\t\t\t\t<\/div>\n\t\t\t\t<div class=\"elementor-element elementor-element-5c22809 elementor-widget elementor-widget-text-editor\" data-id=\"5c22809\" data-element_type=\"widget\" data-widget_type=\"text-editor.default\">\n\t\t\t\t\t\t\t\t\t<p>Baptiste Salliou est diplom\u00e9 de l&rsquo;Ecole Nationale Sup\u00e9rieure de paysage de Versailles.<br \/>Il a \u00e9galement suivi le cycle de formation \u00ab\u00a0botanique et \u00e9cologie des milieux naturels et urbains\u00a0\u00bbde l&rsquo;Ecole d&rsquo;horticulture de Paris (Ecole Dubreuil).<\/p><p>Il s&rsquo;est ensuite sp\u00e9cialis\u00e9 dans l&rsquo;am\u00e9nagement et la r\u00e9habilitation de jardins patrimoines, il a en outre \u00e9t\u00e9 en charge avec Coralie Beaune, de la restauration de la collection de magnolias, \u00e0 Magnolia Plantation and Gardens en Caroline du Sud.<\/p><p>Riche de ces exp\u00e9riences, il s&rsquo;attacha en 2012 \u00e0 concevoir et r\u00e9inventer le parc inscrit \u00e0 l&rsquo;inventaire des monuments historiques de la Villa n\u00e9o-palladienne de Bignicourt sur Saulx.<\/p><p>En parall\u00e8le, il s&rsquo;est lanc\u00e9 dans la conception et la r\u00e9alisation de jardins de particuliers, tout en s&rsquo;attachant \u00e0 des projets d&rsquo;\u00e9v\u00e8nementiel et de v\u00e9g\u00e9talisation int\u00e9rieure.<\/p><p>Au fil des ann\u00e9es, il a progressivement aiguis\u00e9 son esth\u00e9tique et sa vision \u00e9cologique, ainsi que son go\u00fbt pour le terrain, ce qui lui permet aujourd&rsquo;hui d&rsquo;allier le pass\u00e9 et le pr\u00e9sent pour cr\u00e9er des espaces r\u00e9ellement adapt\u00e9s \u00e0 leur environnement.<\/p>\t\t\t\t\t\t\t\t<\/div>\n\t\t\t\t<\/div>\n\t\t\t\t<\/div>\n\t\t<div class=\"elementor-element elementor-element-6b40e0b e-flex e-con-boxed e-con e-parent\" data-id=\"6b40e0b\" data-element_type=\"container\" data-settings=\"{&quot;background_background&quot;:&quot;classic&quot;}\">\n\t\t\t\t\t<div class=\"e-con-inner\">\n\t\t\t\t<div class=\"elementor-element elementor-element-4b9ef4b elementor-widget elementor-widget-heading\" data-id=\"4b9ef4b\" data-element_type=\"widget\" data-widget_type=\"heading.default\">\n\t\t\t\t\t<h2 class=\"elementor-heading-title elementor-size-default\">Contact<\/h2>\t\t\t\t<\/div>\n\t\t\t\t<div class=\"elementor-element elementor-element-ad35e9c elementor-widget elementor-widget-text-editor\" data-id=\"ad35e9c\" data-element_type=\"widget\" data-widget_type=\"text-editor.default\">\n\t\t\t\t\t\t\t\t\t<p>Donnez vie \u00e0 vos espaces ext\u00e9rieurs<\/p>\t\t\t\t\t\t\t\t<\/div>\n\t\t\t\t<div class=\"elementor-element elementor-element-52b77eb elementor-widget__width-initial elementor-widget elementor-widget-text-editor\" data-id=\"52b77eb\" data-element_type=\"widget\" data-widget_type=\"text-editor.default\">\n\t\t\t\t\t\t\t\t\t<p>Que ce soit pour cr\u00e9er un jardin unique, am\u00e9nager une terrasse ou repenser vos espaces verts, nous vous accompagnons avec passion et savoir-faire.<br \/>Contactez-nous d\u00e8s aujourd\u2019hui pour concr\u00e9tiser vos projets.<\/p>\t\t\t\t\t\t\t\t<\/div>\n\t\t\t\t<div class=\"elementor-element elementor-element-99fe066 elementor-widget elementor-widget-button\" data-id=\"99fe066\" data-element_type=\"widget\" data-widget_type=\"button.default\">\n\t\t\t\t\t\t\t\t\t\t<a class=\"elementor-button elementor-button-link elementor-size-sm\" href=\"https:\/\/dev.paulettepaulette.com\/baptistesalliou\/contact\/\">\n\t\t\t\t\t\t<span class=\"elementor-button-content-wrapper\">\n\t\t\t\t\t\t\t\t\t<span class=\"elementor-button-text\">Contact<\/span>\n\t\t\t\t\t<\/span>\n\t\t\t\t\t<\/a>\n\t\t\t\t\t\t\t\t<\/div>\n\t\t\t\t\t<\/div>\n\t\t\t\t<\/div>\n\t\t<div class=\"elementor-element elementor-element-d39ac1e e-flex e-con-boxed e-con e-parent\" data-id=\"d39ac1e\" data-element_type=\"container\" data-settings=\"{&quot;background_background&quot;:&quot;classic&quot;}\">\n\t\t\t\t\t<div class=\"e-con-inner\">\n\t\t\t\t\t<\/div>\n\t\t\t\t<\/div>\n\t\t\t\t<\/div>\n\t\t","protected":false},"excerpt":{"rendered":"<p>Baptiste Salliou Baptiste Salliou est diplom\u00e9 de l&rsquo;Ecole Nationale Sup\u00e9rieure de paysage de Versailles.Il a \u00e9galement suivi le cycle de formation \u00ab\u00a0botanique et \u00e9cologie des milieux naturels et urbains\u00a0\u00bbde l&rsquo;Ecole d&rsquo;horticulture de Paris (Ecole Dubreuil). Il s&rsquo;est ensuite sp\u00e9cialis\u00e9 dans l&rsquo;am\u00e9nagement et la r\u00e9habilitation de jardins patrimoines, il a en outre \u00e9t\u00e9 en charge avec [&hellip;]<\/p>\n","protected":false},"author":1,"featured_media":0,"parent":0,"menu_order":0,"comment_status":"closed","ping_status":"closed","template":"","meta":{"_acf_changed":false,"footnotes":""},"class_list":["post-68","page","type-page","status-publish","hentry"],"acf":[],"_links":{"self":[{"href":"https:\/\/dev.paulettepaulette.com\/baptistesalliou\/wp-json\/wp\/v2\/pages\/68","targetHints":{"allow":["GET"]}}],"collection":[{"href":"https:\/\/dev.paulettepaulette.com\/baptistesalliou\/wp-json\/wp\/v2\/pages"}],"about":[{"href":"https:\/\/dev.paulettepaulette.com\/baptistesalliou\/wp-json\/wp\/v2\/types\/page"}],"author":[{"embeddable":true,"href":"https:\/\/dev.paulettepaulette.com\/baptistesalliou\/wp-json\/wp\/v2\/users\/1"}],"replies":[{"embeddable":true,"href":"https:\/\/dev.paulettepaulette.com\/baptistesalliou\/wp-json\/wp\/v2\/comments?post=68"}],"version-history":[{"count":16,"href":"https:\/\/dev.paulettepaulette.com\/baptistesalliou\/wp-json\/wp\/v2\/pages\/68\/revisions"}],"predecessor-version":[{"id":325,"href":"https:\/\/dev.paulettepaulette.com\/baptistesalliou\/wp-json\/wp\/v2\/pages\/68\/revisions\/325"}],"wp:attachment":[{"href":"https:\/\/dev.paulettepaulette.com\/baptistesalliou\/wp-json\/wp\/v2\/media?parent=68"}],"curies":[{"name":"wp","href":"https:\/\/api.w.org\/{rel}","templated":true}]}}