{"id":3,"date":"2026-01-16T11:58:38","date_gmt":"2026-01-16T10:58:38","guid":{"rendered":"https:\/\/dev.paulettepaulette.com\/cdre\/?page_id=3"},"modified":"2026-02-25T16:29:49","modified_gmt":"2026-02-25T15:29:49","slug":"politique-de-confidentialite","status":"publish","type":"page","link":"https:\/\/dev.paulettepaulette.com\/cdre\/politique-de-confidentialite\/","title":{"rendered":"Politique de confidentialit\u00e9"},"content":{"rendered":"<p>Soucieux de la protection de votre vie priv\u00e9e, CDRE France s\u2019engage \u00e0 assurer le meilleur niveau de protection de vos donn\u00e9es \u00e0 caract\u00e8re personnel.<br \/>Dans le cadre de ses activit\u00e9s, CDRE France, est amen\u00e9e \u00e0 collecter et \u00e0 traiter des informations dont certaines sont qualifi\u00e9es de \u00ab\u00a0donn\u00e9es personnelles\u00a0\u00bb.<br \/>Cette rubrique a pour objet de vous expliquer les traitements de donn\u00e9es \u00e0 caract\u00e8re personnel mis en \u0153uvre dans le cadre de l\u2019utilisation du site internet www.cdrefrance.com.<br \/>CDRE France attache une grande importance au respect de la vie priv\u00e9e, et n\u2019utilise les donn\u00e9es que de mani\u00e8re responsable et confidentielle et dans une finalit\u00e9 pr\u00e9cise.<br \/>CDRE France, en tant que Responsable de traitement, s\u2019engage \u00e0 respecter les dispositions de la loi n\u00b078-17 du 6 janvier 1978 modifi\u00e9e relative \u00e0 l\u2019informatique, aux fichiers et aux libert\u00e9s s\u2019agissant du traitement automatis\u00e9 de donn\u00e9es \u00e0 caract\u00e8re personnel r\u00e9alis\u00e9 ainsi que le r\u00e8glement (UE) n\u00b02016\/679 du 27 avril 2016 \u00e0 partir de son application le 25 mai 2018.<\/p>\n<h3>Qui collecte les donn\u00e9es \u00e0 caract\u00e8re personnel ?<\/h3>\n<p>Le responsable du traitement mis en \u0153uvre sur le site www.cdrefrance.com est CDRE France<\/p>\n<h3>Quelles sont les finalit\u00e9s de la collecte de vos donn\u00e9es personnelles ?<\/h3>\n<p>\u2022 Mise \u00e0 disposition d\u2019un service client accessible par t\u00e9l\u00e9phone ou par messagerie.<br \/>\u2022 Mise \u00e0 disposition d\u2019outils de partage sur les r\u00e9seaux sociaux<br \/>\u2022 Mesure de fr\u00e9quentation du site (mobile et desktop)<\/p>\n<h3>\u00c0 qui vos donn\u00e9es sont-elles transmises ?<\/h3>\n<p>Vos donn\u00e9es ne sont transmises \u00e0 aucun des partenaires de CDRE France.<br \/>Les destinataires des donn\u00e9es sont :<br \/>\u2022 CDRE France<br \/>\u2022 Les autorit\u00e9s de police dans le cadre des r\u00e9quisitions judiciaires concernant la lutte contre la fraude (sur demande uniquement)<\/p>\n<p>CDRE France fait \u00e9galement appel \u00e0 des sous-traitants pour les op\u00e9rations suivantes :<br \/>\u2022 La personnalisation des contenus du site internet<br \/>\u2022 La r\u00e9alisation d\u2019op\u00e9rations de maintenance et de d\u00e9veloppement techniques du site internet<\/p>\n<h3>Combien de temps mes donn\u00e9es sont-elles conserv\u00e9es ?<\/h3>\n<p>Les donn\u00e9es seront sauvegard\u00e9es durant une dur\u00e9e maximale de 3 ans.<\/p>\n<h3>Est-ce que CDRE France utilise des cookies, tags et traceurs ?<\/h3>\n<p>Lors de l\u2019utilisation de notre service, des informations relatives \u00e0 la navigation de votre terminal (ordinateur, tablette, smartphone, etc.), sont susceptibles d&rsquo;\u00eatre enregistr\u00e9es dans des fichiers \u00ab\u00a0Cookies\u00a0\u00bb d\u00e9pos\u00e9s sur votre terminal, sous r\u00e9serve des choix que vous auriez exprim\u00e9s concernant les Cookies et que vous pouvez modifier \u00e0 tout moment.<\/p>\n<h3>Qu&rsquo;est-ce qu&rsquo;un cookie ?<\/h3>\n<p>Le terme cookie englobe plusieurs technologies permettant d\u2019op\u00e9rer un suivi de navigation ou une analyse comportementale de l\u2019internaute. Ces technologies sont multiples et en constante \u00e9volution. Il existe notamment, les cookies, tag, pixel, code Javascript. Le cookie http qui est actuellement la technologie la plus utilis\u00e9e, est un petit fichier texte enregistr\u00e9 par le navigateur de votre ordinateur, tablette ou smartphone et qui permet de conserver des donn\u00e9es utilisateur afin de faciliter la navigation et de permettre certaines fonctionnalit\u00e9s.<\/p>\n<h3>Pour quelles raisons des cookies, tags et traceurs sont utilis\u00e9s ?<\/h3>\n<p>Les cookies que CDRE France \u00e9met sur le site permettent :<br \/>\u2022 d&rsquo;\u00e9tablir des statistiques et volumes de fr\u00e9quentation et d&rsquo;utilisation de divers \u00e9l\u00e9ments composant nos services. A ce titre, CDRE France a recours \u00e0 des cookies de mesure d\u2019audience<br \/>\u2022 d&rsquo;adapter la pr\u00e9sentation du site selon le terminal utilis\u00e9<br \/>\u2022 d\u2019adapter la pr\u00e9sentation du site selon les affinit\u00e9s de chaque utilisateur<br \/>\u2022 de m\u00e9moriser des informations relatives \u00e0 un formulaire que vous avez rempli sur le site (inscription ou acc\u00e8s \u00e0 votre compte, service souscrit, contenu d&rsquo;un panier de commande, etc.)<\/p>\n<h3>Vos droits concernant les donn\u00e9es personnelles<\/h3>\n<p>Toute personne physique utilisant notre site a la facult\u00e9 d\u2019exercer ses droits d\u2019acc\u00e8s, de rectification, d\u2019opposition et d\u2019effacement au traitement de ses donn\u00e9es conform\u00e9ment aux articles 38 \u00e0 40 de la loi du 6 janvier 1978.<br \/>En application du r\u00e8glement 2016\/679 du 27 avril 2016, la personne physique peut exercer son droit \u00e0 la limitation du traitement, \u00e0 l\u2019effacement de ses donn\u00e9es et la portabilit\u00e9 \u00e0 partir du 25 mai 2018. Ces droits peuvent \u00eatre exerc\u00e9s aupr\u00e8s de la soci\u00e9t\u00e9 CDRE France qui a collect\u00e9 les donn\u00e9es \u00e0 caract\u00e8re personnel de la mani\u00e8re suivante :<\/p>\n<p>par email \u00e0\u00a0<a href=\"mailto:secretariat@cdrefrance.com\">secretariat@cdrefrance.com<\/a><\/p>\n<p>En indiquant vos nom, pr\u00e9nom, adresse et email afin de prendre en compte votre demande.<\/p>\n<p>CDRE France adresse une r\u00e9ponse dans un d\u00e9lai de 2 mois apr\u00e8s l\u2019exercice du droit.<\/p>\n<p>En cas de r\u00e9ponse non satisfaisante, la personne concern\u00e9e a la facult\u00e9 de saisir la CNIL.<\/p>\n<h3>Comment personnaliser mes param\u00e8tres de confidentialit\u00e9 ?<\/h3>\n<p>CDRE France participe et est conforme \u00e0 l&rsquo;ensemble des Sp\u00e9cifications et Politiques du Transparency &amp; Consent Framework de l&rsquo;IAB Europe. Elle utilise la Consent Management Platform n\u00b092.<\/p>\n","protected":false},"excerpt":{"rendered":"<p>Soucieux de la protection de votre vie priv\u00e9e, CDRE France s\u2019engage \u00e0 assurer le meilleur niveau de protection de vos donn\u00e9es \u00e0 caract\u00e8re personnel.Dans le cadre de ses activit\u00e9s, CDRE France, est amen\u00e9e \u00e0 collecter et \u00e0 traiter des informations dont certaines sont qualifi\u00e9es de \u00ab\u00a0donn\u00e9es personnelles\u00a0\u00bb.Cette rubrique a pour objet de vous expliquer les [&hellip;]<\/p>\n","protected":false},"author":1,"featured_media":0,"parent":0,"menu_order":9,"comment_status":"closed","ping_status":"open","template":"","meta":{"_acf_changed":false,"footnotes":""},"class_list":["post-3","page","type-page","status-publish","hentry"],"acf":[],"_links":{"self":[{"href":"https:\/\/dev.paulettepaulette.com\/cdre\/wp-json\/wp\/v2\/pages\/3","targetHints":{"allow":["GET"]}}],"collection":[{"href":"https:\/\/dev.paulettepaulette.com\/cdre\/wp-json\/wp\/v2\/pages"}],"about":[{"href":"https:\/\/dev.paulettepaulette.com\/cdre\/wp-json\/wp\/v2\/types\/page"}],"author":[{"embeddable":true,"href":"https:\/\/dev.paulettepaulette.com\/cdre\/wp-json\/wp\/v2\/users\/1"}],"replies":[{"embeddable":true,"href":"https:\/\/dev.paulettepaulette.com\/cdre\/wp-json\/wp\/v2\/comments?post=3"}],"version-history":[{"count":2,"href":"https:\/\/dev.paulettepaulette.com\/cdre\/wp-json\/wp\/v2\/pages\/3\/revisions"}],"predecessor-version":[{"id":677,"href":"https:\/\/dev.paulettepaulette.com\/cdre\/wp-json\/wp\/v2\/pages\/3\/revisions\/677"}],"wp:attachment":[{"href":"https:\/\/dev.paulettepaulette.com\/cdre\/wp-json\/wp\/v2\/media?parent=3"}],"curies":[{"name":"wp","href":"https:\/\/api.w.org\/{rel}","templated":true}]}}