{"id":678,"date":"2026-02-25T16:54:46","date_gmt":"2026-02-25T15:54:46","guid":{"rendered":"https:\/\/dev.paulettepaulette.com\/cdre\/?page_id=678"},"modified":"2026-03-13T11:47:34","modified_gmt":"2026-03-13T10:47:34","slug":"mentions-legales","status":"publish","type":"page","link":"https:\/\/dev.paulettepaulette.com\/cdre\/mentions-legales\/","title":{"rendered":"Mentions L\u00e9gales"},"content":{"rendered":"<p><span style=\"font-weight: 400;\">Conform\u00e9ment aux dispositions de la loi n\u00b0 2004-575 du 21 juin 2004 pour la confiance en l&rsquo;\u00e9conomie num\u00e9rique, il est pr\u00e9cis\u00e9 aux utilisateurs du site CDRE l&rsquo;identit\u00e9 des diff\u00e9rents intervenants dans le cadre de sa r\u00e9alisation et de son suivi.<\/span><\/p>\n<h3><b>Edition du site\u00a0<\/b><\/h3>\n<p><span style=\"font-weight: 400;\">Le pr\u00e9sent site, accessible \u00e0 l\u2019URL https:\/\/www.cdrefrance.com\/ (le \u00ab Site \u00bb), est \u00e9dit\u00e9 par :<br \/>\n<\/span><span style=\"font-weight: 400;\">L\u2019association Club des Directeurs Restauration et Exploitation, enregistr\u00e9e aupr\u00e8s de la pr\u00e9fecture\/sous-pr\u00e9fecture de 94 &#8211; Pr\u00e9fecture Cr\u00e9teil sous le num\u00e9ro W751114379, ayant son si\u00e8ge situ\u00e9 \u00e0 10 Rue Joseph Gaillard, 94300 Vincennes, repr\u00e9sent\u00e9e par J\u00e9r\u00f4me Bourdais d\u00fbment habilit\u00e9(e)<\/span><\/p>\n<h3><b>H\u00e9bergement<\/b><\/h3>\n<p><span style=\"font-weight: 400;\">Le Site est h\u00e9berg\u00e9 par la soci\u00e9t\u00e9 o2switch, situ\u00e9 222 Boulevard Gustave Flaubert, 63000 Clermont-Ferrand, (contact t\u00e9l\u00e9phonique ou email : (+33) 4 44 44 60 40).<\/span><\/p>\n<h3><b>Directeur de publication\u00a0<\/b><\/h3>\n<p><span style=\"font-weight: 400;\">Le Directeur de la publication du Site est J\u00e9r\u00f4me Bourdais\u00a0 .<\/span><\/p>\n<h3><strong>Conception &amp; cr\u00e9ation :<\/strong><\/h3>\n<p>F\u00e8ve de Cr\u00e9a<br \/>\nT\u00e9l. : +33 7 82 37 30 56<br \/>\n<a href=\"https:\/\/www.fevedecrea.fr\">fevedecrea.fr<\/a><\/p>\n<h3><b>Nous contacter\u00a0<\/b><\/h3>\n<p><span style=\"font-weight: 400;\">Par t\u00e9l\u00e9phone : +33600000000<br \/>\n<\/span><span style=\"font-weight: 400;\">Par email\u00a0: contact@cdrefrance.com<br \/>\n<\/span><span style=\"font-weight: 400;\">Par courrier\u00a0: 10 Rue Joseph Gaillard 94300 Vincennes<\/span><\/p>\n<h3><b>Donn\u00e9es personnelles<\/b><\/h3>\n<p><span style=\"font-weight: 400;\">Le traitement de vos donn\u00e9es \u00e0 caract\u00e8re personnel est r\u00e9gi par notre Charte du respect de la vie priv\u00e9e, disponible depuis la section \u00ab\u00a0Charte de Protection des Donn\u00e9es Personnelles\u00a0\u00bb, conform\u00e9ment au R\u00e8glement G\u00e9n\u00e9ral sur la Protection des Donn\u00e9es 2016\/679 du 27 avril 2016 (\u00abRGPD\u00bb).<\/span><\/p>\n","protected":false},"excerpt":{"rendered":"<p>Conform\u00e9ment aux dispositions de la loi n\u00b0 2004-575 du 21 juin 2004 pour la confiance en l&rsquo;\u00e9conomie num\u00e9rique, il est pr\u00e9cis\u00e9 aux utilisateurs du site CDRE l&rsquo;identit\u00e9 des diff\u00e9rents intervenants dans le cadre de sa r\u00e9alisation et de son suivi. Edition du site\u00a0 Le pr\u00e9sent site, accessible \u00e0 l\u2019URL https:\/\/www.cdrefrance.com\/ (le \u00ab Site \u00bb), est [&hellip;]<\/p>\n","protected":false},"author":1,"featured_media":0,"parent":0,"menu_order":0,"comment_status":"closed","ping_status":"closed","template":"","meta":{"_acf_changed":false,"footnotes":""},"class_list":["post-678","page","type-page","status-publish","hentry"],"acf":[],"_links":{"self":[{"href":"https:\/\/dev.paulettepaulette.com\/cdre\/wp-json\/wp\/v2\/pages\/678","targetHints":{"allow":["GET"]}}],"collection":[{"href":"https:\/\/dev.paulettepaulette.com\/cdre\/wp-json\/wp\/v2\/pages"}],"about":[{"href":"https:\/\/dev.paulettepaulette.com\/cdre\/wp-json\/wp\/v2\/types\/page"}],"author":[{"embeddable":true,"href":"https:\/\/dev.paulettepaulette.com\/cdre\/wp-json\/wp\/v2\/users\/1"}],"replies":[{"embeddable":true,"href":"https:\/\/dev.paulettepaulette.com\/cdre\/wp-json\/wp\/v2\/comments?post=678"}],"version-history":[{"count":5,"href":"https:\/\/dev.paulettepaulette.com\/cdre\/wp-json\/wp\/v2\/pages\/678\/revisions"}],"predecessor-version":[{"id":911,"href":"https:\/\/dev.paulettepaulette.com\/cdre\/wp-json\/wp\/v2\/pages\/678\/revisions\/911"}],"wp:attachment":[{"href":"https:\/\/dev.paulettepaulette.com\/cdre\/wp-json\/wp\/v2\/media?parent=678"}],"curies":[{"name":"wp","href":"https:\/\/api.w.org\/{rel}","templated":true}]}}